{"id":1060,"date":"2021-03-22T08:34:10","date_gmt":"2021-03-22T08:34:10","guid":{"rendered":"http:\/\/edviz.com\/?page_id=1060"},"modified":"2024-10-30T04:22:21","modified_gmt":"2024-10-30T04:22:21","slug":"restaurants","status":"publish","type":"page","link":"https:\/\/edviz.com\/fr\/restaurants\/","title":{"rendered":"Pour les Restaurants"},"content":{"rendered":"<blockquote class=\"wp-block-quote\"><p><strong><span class=\"has-inline-color has-black-color\">Transformez tout restaurant en un Restaurant Panoramique Num\u00e9rique dont la vue change \u00e0 volont\u00e9 !<\/span><\/strong><\/p><\/blockquote>\n\n\n\n<h2>Une r\u00e9ponse aux d\u00e9fis du secteur<\/h2>\n\n\n\t\t\t<div class=\"yotu-playlist yotuwp yotu-limit-min yotu-limit-max   yotu-thumb-43  yotu-template-grid\" data-yotu=\"69e4ee6ef1e6d\" data-page=\"1\" id=\"yotuwp-69e4ee6edde3e\" data-total=\"1\" data-settings=\"eyJ0eXBlIjoidmlkZW9zIiwiaWQiOiJfRUdaZjhBMmhiMCIsInBhZ2luYXRpb24iOiJvbiIsInBhZ2l0eXBlIjoicGFnZXIiLCJjb2x1bW4iOiIxIiwicGVyX3BhZ2UiOiIxMiIsInRlbXBsYXRlIjoiZ3JpZCIsInRpdGxlIjoib24iLCJkZXNjcmlwdGlvbiI6Im9uIiwidGh1bWJyYXRpbyI6IjQzIiwibWV0YSI6Im9mZiIsIm1ldGFfZGF0YSI6Im9mZiIsIm1ldGFfcG9zaXRpb24iOiJvZmYiLCJkYXRlX2Zvcm1hdCI6Im9mZiIsIm1ldGFfYWxpZ24iOiJvZmYiLCJzdWJzY3JpYmUiOiJvZmYiLCJkdXJhdGlvbiI6Im9mZiIsIm1ldGFfaWNvbiI6Im9mZiIsIm5leHR0ZXh0IjoiIiwicHJldnRleHQiOiIiLCJsb2FkbW9yZXRleHQiOiIiLCJwbGF5ZXIiOnsibW9kZSI6ImxhcmdlIiwid2lkdGgiOiI2MDAiLCJzY3JvbGxpbmciOiIxMDAiLCJhdXRvcGxheSI6MCwiY29udHJvbHMiOjEsIm1vZGVzdGJyYW5kaW5nIjoxLCJsb29wIjowLCJhdXRvbmV4dCI6MCwic2hvd2luZm8iOjEsInJlbCI6MSwicGxheWluZyI6MCwicGxheWluZ19kZXNjcmlwdGlvbiI6MCwidGh1bWJuYWlscyI6MCwiY2NfbG9hZF9wb2xpY3kiOiIxIiwiY2NfbGFuZ19wcmVmIjoiMSIsImhsIjoiIiwiaXZfbG9hZF9wb2xpY3kiOiIxIiwiYW1wO3dpZHRoIjo4MDAsImFtcDtyZWwiOjB9LCJsYXN0X3RhYiI6InBsYXllciIsInVzZV9hc19tb2RhbCI6Im9mZiIsIm1vZGFsX2lkIjoib2ZmIiwibGFzdF91cGRhdGUiOiIxNjQ2NDQzOTEwIiwic3R5bGluZyI6eyJwYWdlcl9sYXlvdXQiOiJkZWZhdWx0IiwiYnV0dG9uIjoiMSIsImJ1dHRvbl9jb2xvciI6IiNmZmZmZmYiLCJidXR0b25fYmdfY29sb3IiOiIjMGQxOTNjIiwiYnV0dG9uX2NvbG9yX2hvdmVyIjoiIzBkMTkzYyIsImJ1dHRvbl9iZ19jb2xvcl9ob3ZlciI6IiMwZDE5M2MiLCJ2aWRlb19zdHlsZSI6IiIsInBsYXlpY29uX2NvbG9yIjoiIiwiaG92ZXJfaWNvbiI6IiIsImdhbGxlcnlfYmciOiIjZmZmZmZmIn0sImVmZmVjdHMiOnsidmlkZW9fYm94IjoiIiwiZmxpcF9lZmZlY3QiOiIifSwiZ2FsbGVyeV9pZCI6IjY5ZTRlZTZlZGRlM2UifQ==\" data-player=\"large\" data-showdesc=\"on\">\n\t\t\t\t<div>\n\t\t\t\t\t\t\t\t\t\t<div class=\"yotu-wrapper-player\" style=\"width:600px\">\n\t\t\t\t\t\t\t\t\t\t\t\t<div class=\"yotu-player\">\n\t\t\t\t\t\t\t<div class=\"yotu-video-placeholder\" id=\"yotu-player-69e4ee6ef1e6d\"><\/div>\n\t\t\t\t\t\t<\/div>\n\t\t\t\t\t\t<div class=\"yotu-playing-status\"><\/div>\n\t\t\t\t\t\t\t\t\t\t\t<\/div>\n\n\t\t\t\t\t<div class=\"yotu-pagination yotu-hide yotu-pager_layout-default yotu-pagination-top\">\n<a href=\"#\" class=\"yotu-pagination-prev yotu-button-prs yotu-button-prs-1\" data-page=\"prev\">Prev<\/a>\n<span class=\"yotu-pagination-current\">1<\/span> <span>of<\/span> <span class=\"yotu-pagination-total\">1<\/span>\n<a href=\"#\" class=\"yotu-pagination-next yotu-button-prs yotu-button-prs-1\" data-page=\"next\">Next<\/a>\n<\/div>\n<div class=\"yotu-videos yotu-mode-grid yotu-column-1 yotu-player-mode-large\">\n\t<ul>\n\t\t\t\t\t<li class=\"yotu-first yotu-last\">\n\t\t\t\t\t\t\t\t<a href=\"#_EGZf8A2hb0\" class=\"yotu-video\" data-videoid=\"_EGZf8A2hb0\" data-title=\"Restaurant panoramique num\u00e9rique\" title=\"Restaurant panoramique num\u00e9rique\">\n\t\t\t\t\t<div class=\"yotu-video-thumb-wrp\">\n\t\t\t\t\t\t<div>\n\t\t\t\t\t\t\t\t\t\t\t\t\t\t<img class=\"yotu-video-thumb\" src=\"https:\/\/i.ytimg.com\/vi\/_EGZf8A2hb0\/sddefault.jpg\" alt=\"Restaurant panoramique num\u00e9rique\">\t\n\t\t\t\t\t\t\t\t\t\t\t\t\t<\/div>\n\t\t\t\t\t<\/div>\n\t\t\t\t\t\t\t\t\t\t\t<h3 class=\"yotu-video-title\">Restaurant panoramique num\u00e9rique<\/h3>\n\t\t\t\t\t\t\t\t\t\t\t\t\t\t\t\t\t\t\t\t\t<div class=\"yotu-video-description\"><\/div>\n\t\t\t\t\t\t\t\t\t<\/a>\n\t\t\t\t\t\t\t<\/li>\n\t\t\t\t\n\t\t\t\t<\/ul>\n<\/div><div class=\"yotu-pagination yotu-hide yotu-pager_layout-default yotu-pagination-bottom\">\n<a href=\"#\" class=\"yotu-pagination-prev yotu-button-prs yotu-button-prs-1\" data-page=\"prev\">Prev<\/a>\n<span class=\"yotu-pagination-current\">1<\/span> <span>of<\/span> <span class=\"yotu-pagination-total\">1<\/span>\n<a href=\"#\" class=\"yotu-pagination-next yotu-button-prs yotu-button-prs-1\" data-page=\"next\">Next<\/a>\n<\/div>\n\t\t\t\t<\/div>\n\t\t\t<\/div>\n\t\t\t\n\n\n\n<hr class=\"wp-block-separator\"\/>\n\n\n<div class='content-column one_third'><div style=\"padding-top:0px;padding-right:20px;padding-bottom:40px;\"><h3>Acquisition et r\u00e9tention de la client\u00e8le<\/h3>\n<p>Nos engagements pour vous aider \u00e0 accro\u00eetre votre chiffre d\u2019affaires :<\/p>\n<ul>\n<li>renouveler continuellement l\u2019exp\u00e9rience client<\/li>\n<li>vous diff\u00e9rencier de vos concurrents<\/li>\n<li>d\u00e9velopper la notori\u00e9t\u00e9 de votre \u00e9tablissement<br><\/div><\/div><br><div class='content-column one_third'><div style=\"padding:0px 0px 100px 0px;\"><\/li>\n<\/ul>\n<h3>Satisfaction des clients<\/h3>\n<p>Les leviers sur lesquels nous vous proposons d\u2019agir :<\/p>\n<ul>\n<li>Atmosph\u00e8re \/ Ambiance \/ Convivialit\u00e9<\/li>\n<li>Exp\u00e9rience \/ Th\u00e9\u00e2tralisation du d\u00e9cor \/ Cr\u00e9ation d\u2019un univers<\/li>\n<li>Rapport qualit\u00e9 \/ prix \u2013 offre \/ prix<\/li>\n<li>Bouche \u00e0 oreille \/ R\u00e9putation<br><\/div><\/div><br><div class='content-column one_third last_column'><div style=\"padding:0px 0px 40px 20px;\"><\/li>\n<\/ul>\n<h3>Contraintes de localisation<\/h3>\n<p>Vous connaissez l\u2019adage : \u201cL\u2019emplacement, l\u2019emplacement, l\u2019emplacement\u201d\u2026<\/p>\n<p>Dans une situation de forte pression immobili\u00e8re, affranchissez vous des contraintes architecturales et g\u00e9ographiques avec des d\u00e9cors qui s\u2019adaptent \u00e0 votre \u00e9tablissement et transportez vos clients dans leurs environnements pr\u00e9f\u00e9r\u00e9s.<\/p><\/div><\/div><div class='clear_column'><\/div><\/p>\n<hr>\n<div class='content-column one_half'><div style=\"padding-right:40px;padding-bottom:40px;\"><h2>Pour renouveler le genre des restaurants<\/h2>\n<p>avec des salles \u00e9quip\u00e9es d\u2019\u00e9crans g\u00e9ants au format panoramique sur lesquels s\u2019affichent des contenus audiovisuels exclusifs, paysages extraordinaires, r\u00e9els ou fictifs, qui transposent la client\u00e8le dans une multitude d\u2019environnements, au gr\u00e9 des envies, saisons ou \u00e9v\u00e8nements, pour une exp\u00e9rience client unique et m\u00e9morable !<br><\/div><\/div><br><div class='content-column one_half last_column'><div style=\"padding-bottom:40px;padding-left:20px;\"><h2>Pour se d\u00e9marquer<\/h2>\n<p>sur le march\u00e9 tr\u00e8s concurrentiel de la restauration, ce concept a \u00e9t\u00e9 pens\u00e9 pour attirer, retenir et fid\u00e9liser une client\u00e8le aujourd\u2019hui peu captive et en constante recherche de nouvelles exp\u00e9riences. Pour y parvenir, il cumule les avantages concurrentiels et facteurs cl\u00e9s de succ\u00e8s de plusieurs cat\u00e9gories d\u2019\u00e9tablissements tr\u00e8s appr\u00e9ci\u00e9s en s\u2019inspirant des \u201crestaurants panoramiques\u201d, \u201cd\u00eeners spectacles\u201d et autres restaurants th\u00e9matiques.<br><\/div><\/div><div class='clear_column'><\/div><\/p>\n<hr>\n<div class='content-column one_fourth'><div style=\"padding:0px 20px 40px 0px;\"><h3>Notori\u00e9t\u00e9<\/h3>\n<p>Une solution id\u00e9ale pour un restaurant dont le bouche \u00e0 oreille et la couverture m\u00e9diatique assureront une notori\u00e9t\u00e9 enviable.<br><\/div><\/div><br><div class='content-column one_fourth'><div style=\"padding:0px 20px 40px 20px;\"><h3>Rentabilit\u00e9<\/h3>\n<p>Pour un investissement initial et des co\u00fbts d\u2019exploitation contenus, un chiffre d\u2019affaires maximis\u00e9 et des b\u00e9n\u00e9fices optimis\u00e9s.<\/p><\/div><\/div><br><div class='content-column one_fourth'><div style=\"padding:0px 20px 40px 20px;\"><h3>Succ\u00e8s assur\u00e9&nbsp;<\/h3>\n<p>Comblez vos clients avec des d\u00e9cors spectaculaires qui agr\u00e9menteront leurs repas en provoquant bien-\u00eatre, \u00e9vasion et \u00e9merveillement.<\/p><\/div><\/div><br><div class='content-column one_fourth last_column'><div style=\"padding:0px 0px 40px 20px;\"><h3>Strat\u00e9gie gagnante<\/h3>\n<p>Ayez une approche visionnaire en devenant pionnier et leader sur votre zone d\u2019activit\u00e9.<br><\/div><\/div><div class='clear_column'><\/div><br><div class='content-column two_third'><div style=\"padding:0px 20px 40px 0px;\"><\/div><\/div><\/p>\n<hr>\n<div class='content-column full_width'><div style=\"padding-bottom:40px;\"><h3>Suggestions d\u2019utilisation<\/h3>\n<p>Avec des d\u00e9cors sp\u00e9cifiquement con\u00e7us pour accompagner vos clients dans de multiples occasions, selon vos besoins, les \u00e9v\u00e8nements ou les saisons :<\/p>\n<ul>\n<li>Associez le d\u00e9cor \u00e0 votre carte pour une personnalisation in\u00e9dite des menus ;<\/li>\n<li>T\u00e9moignez d\u2019une attention particuli\u00e8re pour les \u00e9v\u00e8nements de vos convives (anniversaire, mariage, etc\u2026) ;<\/li>\n<li>En p\u00e9riode de fortes chaleurs, distinguez vous avec des paysages rafra\u00eechissants ;<\/li>\n<li>En p\u00e9riode hivernale, apportez du soleil \u00e0 votre client\u00e8le ;<\/li>\n<li>Assurez le succ\u00e8s de votre \u00e9tablissement sur les th\u00e8mes de No\u00ebl, Halloween ou P\u00e2ques ;<\/li>\n<li>Adaptez votre d\u00e9cor aux moments de la journ\u00e9e pour prolonger l\u2019exp\u00e9rience \u00e0 toute heure ;<\/li>\n<li>Et bien d\u2019autres possibilit\u00e9s encore !<\/li>\n<\/ul>\n<hr>\n<p><strong>Laissez nous vos coordonn\u00e9es et nous \u00e9tudierons la solution la mieux adapt\u00e9e \u00e0 votre \u00e9tablissement :<\/strong><br><\/div><\/div>\n\n<div role=\"form\" class=\"wpcf7\" id=\"wpcf7-f8-o1\" lang=\"fr-FR\" dir=\"ltr\">\n<div class=\"screen-reader-response\"><\/div>\n<form action=\"\/fr\/wp-json\/wp\/v2\/pages\/1060#wpcf7-f8-o1\" method=\"post\" class=\"wpcf7-form\" novalidate=\"novalidate\" data-trp-original-action=\"\/fr\/wp-json\/wp\/v2\/pages\/1060#wpcf7-f8-o1\">\n<div style=\"display: none;\">\n<input type=\"hidden\" name=\"_wpcf7\" value=\"8\" \/>\n<input type=\"hidden\" name=\"_wpcf7_version\" value=\"5.1.3\" \/>\n<input type=\"hidden\" name=\"_wpcf7_locale\" value=\"fr_FR\" \/>\n<input type=\"hidden\" name=\"_wpcf7_unit_tag\" value=\"wpcf7-f8-o1\" \/>\n<input type=\"hidden\" name=\"_wpcf7_container_post\" value=\"0\" \/>\n<\/div>\n<p><label> Votre nom (requis)<br \/>\n    <span class=\"wpcf7-form-control-wrap your-name\"><input type=\"text\" name=\"your-name\" value=\"\" size=\"40\" class=\"wpcf7-form-control wpcf7-text wpcf7-validates-as-required\" aria-required=\"true\" aria-invalid=\"false\" \/><\/span> <\/label><\/p>\n<p><label> Votre e-mail (requis)<br \/>\n    <span class=\"wpcf7-form-control-wrap your-email\"><input type=\"email\" name=\"your-email\" value=\"\" size=\"40\" class=\"wpcf7-form-control wpcf7-text wpcf7-email wpcf7-validates-as-required wpcf7-validates-as-email\" aria-required=\"true\" aria-invalid=\"false\" \/><\/span> <\/label><\/p>\n<p><label> Votre message<br \/>\n    <span class=\"wpcf7-form-control-wrap your-message\"><textarea name=\"your-message\" cols=\"40\" rows=\"10\" class=\"wpcf7-form-control wpcf7-textarea\" aria-invalid=\"false\"><\/textarea><\/span> <\/label><\/p>\n<p><input type=\"submit\" value=\"Envoyer\" class=\"wpcf7-form-control wpcf7-submit\" \/><\/p>\n<div class=\"wpcf7-response-output wpcf7-display-none\"><\/div><input type=\"hidden\" name=\"trp-form-language\" value=\"fr\"\/><\/form><\/div>","protected":false},"excerpt":{"rendered":"<p>Convert any conventional establishment into a Digital Panoramic Restaurant whose scenery changes according to your wishes! A response to the challenges of the sector<\/p>\n<a class=\"readmore-button\" href=\"https:\/\/edviz.com\/fr\/restaurants\/\">Read More<\/a>","protected":false},"author":1,"featured_media":1090,"parent":0,"menu_order":0,"comment_status":"closed","ping_status":"open","template":"page-fullwidth.php","meta":{"ngg_post_thumbnail":0},"_links":{"self":[{"href":"https:\/\/edviz.com\/fr\/wp-json\/wp\/v2\/pages\/1060"}],"collection":[{"href":"https:\/\/edviz.com\/fr\/wp-json\/wp\/v2\/pages"}],"about":[{"href":"https:\/\/edviz.com\/fr\/wp-json\/wp\/v2\/types\/page"}],"author":[{"embeddable":true,"href":"https:\/\/edviz.com\/fr\/wp-json\/wp\/v2\/users\/1"}],"replies":[{"embeddable":true,"href":"https:\/\/edviz.com\/fr\/wp-json\/wp\/v2\/comments?post=1060"}],"version-history":[{"count":40,"href":"https:\/\/edviz.com\/fr\/wp-json\/wp\/v2\/pages\/1060\/revisions"}],"predecessor-version":[{"id":1760,"href":"https:\/\/edviz.com\/fr\/wp-json\/wp\/v2\/pages\/1060\/revisions\/1760"}],"wp:featuredmedia":[{"embeddable":true,"href":"https:\/\/edviz.com\/fr\/wp-json\/wp\/v2\/media\/1090"}],"wp:attachment":[{"href":"https:\/\/edviz.com\/fr\/wp-json\/wp\/v2\/media?parent=1060"}],"curies":[{"name":"wp","href":"https:\/\/api.w.org\/{rel}","templated":true}]}}