{"id":116,"date":"2015-04-13T21:53:15","date_gmt":"2015-04-13T21:53:15","guid":{"rendered":"http:\/\/oriel-wp.wp4life.com\/?page_id=116"},"modified":"2023-02-26T21:43:28","modified_gmt":"2023-02-26T21:43:28","slug":"services-2","status":"publish","type":"page","link":"https:\/\/edviz.com\/fr\/services-2\/","title":{"rendered":"Services"},"content":{"rendered":"<h3>Pourquoi nous choisir ?<\/h3>\n<p>Nos d\u00e9cors num\u00e9riques r\u00e9inventent votre int\u00e9rieur \u00e0 volont\u00e9 pour une sensation d'immensit\u00e9 et une immensit\u00e9 de sensations !<br \/>\n<dl class=\"faq\">\n<dt>Un design unique<\/dt><dd>\nEnrichissez vos locaux d'\u00e9motions multiples pour des exp\u00e9riences in\u00e9gal\u00e9es.<br \/>\n<\/dd>\n<dt>Un concept personnalisable, adaptable et r\u00e9plicable<\/dt><dd>\nDes solutions totalement personnalisables pour s'adapter \u00e0 tout agencement.<br \/>\n<\/dd>\n<dt>Qualit\u00e9 et Service Clients<\/dt><dd>\nUne \u00e9quipe rapide, comp\u00e9tente et efficace \u00e0 votre service !<br \/>\n<\/dd>\n<\/dl>\n<h3>Services<\/h3>\n<p>Nous proposons des solutions cl\u00e9 en main et accompagnons nos clients de l'id\u00e9e jusqu'\u00e0 l'installation, la mise en oeuvre et l'assistance.<br \/>\n\n\r\n\r\n<div class=\"orieltabs\"><div id=\"tabs-642365206\">\n\r\n<ul class=\"resp-tabs-list\">\r\n    <li>Conception<\/li>\r\n\n\r\n    <li>Installation<\/li>\r\n\n\r\n    <li>Assistance<\/li>\r\n\n\r\n    <li>Maintenance<\/li>\r\n\n\r\n    <li>Contenus audiovisuels<\/li>\r\n<\/ul>\r\n<div class=\"resp-tabs-container\">\n \r\n<div>\r\n\n<span style=\"color: #000000;\">Des conseils personnalis\u00e9s et des r\u00e9alisations sur mesure qui s'int\u00e8greront parfaitement dans vos locaux pour un rendu visuel r\u00e9aliste.&nbsp;<\/span><br \/>\n\r\n\r\n<\/div>\r\n\n\r\n<div>\r\n\n<span style=\"color: #000000;\">Une intervention rapide pour impacter le moins possible votre activit\u00e9 et vous livrer une solution pr\u00eate \u00e0 l'usage.<\/span><br \/>\n\r\n\r\n<\/div>\r\n\n\r\n<div>\r\n\n<span style=\"color: #000000;\">Le support 7\/7 et l'assistance \u00e0 distance pour les param\u00e9trages audiovisuels sont inclus dans notre offre.<\/span><br \/>\n\r\n\r\n<\/div>\r\n\n\r\n<div>\r\n\n<span style=\"color: #000000;\">Nos crit\u00e8res de qualit\u00e9 \u00e9lev\u00e9s garantissent la maintenance sur site et la disponibilit\u00e9 des pi\u00e8ces de rechange.<\/span><br \/>\n\r\n\r\n<\/div>\r\n\n\r\n<div>\r\n\n<span style=\"color: #000000;\">Notre catalogue est continuellement enrichi de nouveaux contenus audiovisuels spectaculaires sp\u00e9cifiquement con\u00e7us pour transporter les spectateurs dans une multitude d'environnements.<\/span><br \/>\n\r\n\r\n<\/div>\r\n\r\n\r\n<\/div><\/div><div class=\"clear\"><\/div><\/div>\r\n<script type=\"text\/javascript\">jQuery(document).ready(function() { jQuery(\"#tabs-642365206\").easyResponsiveTabs({ type: \"vertical\", width: \"auto\", fit: true }); }); <\/script>\r\n\n\n<hr>\n<h3>Ce que nos clients disent<\/h3>\n\r\n<div id=\"testimonials632354823\" class=\"owl-carousel testimonials\">\r\n                <div class=\"testimonial\">\r\n        <div class=\"testimonial-text\"><\/div>\r\n        <div class=\"testimonial-image\">\r\n                                    <img src=\"https:\/\/edviz.com\/wp-content\/uploads\/2019\/06\/Thumb-up-150x150.png\" alt=\"\" \/>\r\n                        <h5 class=\"testimonial-name\">Partagez votre avis ici !<\/h5>\r\n            <p>Client pr\u00e9curseur<\/p>\r\n        <\/div>\r\n    <\/div>\r\n    <\/div>\r\n\r\n<script type=\"text\/javascript\">\r\n    jQuery(window).on('load', function () {\r\n        jQuery(\"#testimonials632354823\").owlCarousel({\r\n            items: 1,\r\n                        autoplay: true,\r\n            autoplayTimeout: 4000,\r\n            autoplayHoverPause: true,\r\n            dots: false,\r\n            autoHeight: true,\r\n            margin: 40,\r\n            smartSpeed: 800,\r\n            navText: [' ', ' '],\r\n            nav: true,\r\n            loop: true,\r\n            animateIn: 'fadeIn',\r\n            animateOut: 'fadeOut'\r\n        });\r\n    });\r\n<\/script>\r\n\r\n\n<hr>\n<h3>&nbsp;<\/h3>","protected":false},"excerpt":{"rendered":"<p>Why Choose Us Our trompe-l&#8217;oeil digital windows indefinitely reinvent your interior design for a sensation of immensity and an immensity of sensations! Services We provide turnkey solutions and support to our customers, from project design and conception to installation, operation, and maintenance. What Our Clients Say &nbsp;<\/p>\n<a class=\"readmore-button\" href=\"https:\/\/edviz.com\/fr\/orieltestimonials\/john-doe\/\">Read More<\/a>","protected":false},"author":1,"featured_media":202,"parent":0,"menu_order":0,"comment_status":"open","ping_status":"closed","template":"page-fullwidth.php","meta":{"ngg_post_thumbnail":0},"_links":{"self":[{"href":"https:\/\/edviz.com\/fr\/wp-json\/wp\/v2\/pages\/116"}],"collection":[{"href":"https:\/\/edviz.com\/fr\/wp-json\/wp\/v2\/pages"}],"about":[{"href":"https:\/\/edviz.com\/fr\/wp-json\/wp\/v2\/types\/page"}],"author":[{"embeddable":true,"href":"https:\/\/edviz.com\/fr\/wp-json\/wp\/v2\/users\/1"}],"replies":[{"embeddable":true,"href":"https:\/\/edviz.com\/fr\/wp-json\/wp\/v2\/comments?post=116"}],"version-history":[{"count":12,"href":"https:\/\/edviz.com\/fr\/wp-json\/wp\/v2\/pages\/116\/revisions"}],"predecessor-version":[{"id":1351,"href":"https:\/\/edviz.com\/fr\/wp-json\/wp\/v2\/pages\/116\/revisions\/1351"}],"wp:featuredmedia":[{"embeddable":true,"href":"https:\/\/edviz.com\/fr\/wp-json\/wp\/v2\/media\/202"}],"wp:attachment":[{"href":"https:\/\/edviz.com\/fr\/wp-json\/wp\/v2\/media?parent=116"}],"curies":[{"name":"wp","href":"https:\/\/api.w.org\/{rel}","templated":true}]}}