{"id":141,"date":"2019-06-03T01:47:39","date_gmt":"2019-06-03T01:47:39","guid":{"rendered":"http:\/\/oriel-wp.wp4life.com\/?page_id=141"},"modified":"2023-02-26T22:22:18","modified_gmt":"2023-02-26T22:22:18","slug":"contact","status":"publish","type":"page","link":"https:\/\/edviz.com\/fr\/contact\/","title":{"rendered":"Contact"},"content":{"rendered":"<h3>Nous rencontrer<\/h3>\n<section class=\"adresses\">\n<div class=\"adresse1\">\n<p>eDVIZ is a French startup company having its head office in Limoges, France, and business representative office in Reims, France.<br><div class=\"flex-video iframe-border\"><iframe src=\"https:\/\/maps.google.com\/maps?f=q&amp;source=s_q&amp;hl=fr&amp;geocode=&amp;q=11+Rue+Philippe+Lebon%2C+87280+Limoges&amp;output=embed&amp;iwloc=near\" frameborder=\"0\" allowfullscreen><\/iframe><\/div>\n<p><span class=\"label\"><span style=\"color: #000000;\"><strong>Adresse :<\/strong> eDVIZ SAS, 11 rue Philippe Lebon, La Bo\u00eete \u00e0 Business , 87280 LIMOGES, France<\/span><\/span><\/p>\n<\/div>\n<div class=\"adresse2\">\n<p>&nbsp;<\/p>\n<p><span class=\"label\"><span style=\"color: #000000;\"><strong>Adresse :<\/strong> 21 rue de Courcelles, 51100 REIMS<\/span><\/span><\/p>\n<\/div>\n<\/section>\n<hr>\n<h3>Nous contacter<\/h3>\n<p>N'h\u00e9sitez pas \u00e0 contacter notre \u00e9quipe qui r\u00e9pondra \u00e0 toutes vos questions concernant nos solutions, tarifs, d\u00e9monstration, etc...<\/p>\n<p><span class=\"label\"><span style=\"color: #000000;\">Pour nous joindre :            e d v i z @ e d v i z . c o m<\/span><\/span><\/p>\n\n\n<p><\/p>","protected":false},"excerpt":{"rendered":"<p>Find Us eDVIZ is a French startup company having its head office in Limoges, France, and business representative office in Reims, France. &nbsp; Get In Touch Whether you have a question about features, pricing, need a demo, or anything else, our team is ready to answer all your questions.<\/p>\n<a class=\"readmore-button\" href=\"https:\/\/edviz.com\/fr\/contact\/\">Read More<\/a>","protected":false},"author":1,"featured_media":217,"parent":0,"menu_order":0,"comment_status":"open","ping_status":"closed","template":"page-fullwidth.php","meta":{"ngg_post_thumbnail":0},"_links":{"self":[{"href":"https:\/\/edviz.com\/fr\/wp-json\/wp\/v2\/pages\/141"}],"collection":[{"href":"https:\/\/edviz.com\/fr\/wp-json\/wp\/v2\/pages"}],"about":[{"href":"https:\/\/edviz.com\/fr\/wp-json\/wp\/v2\/types\/page"}],"author":[{"embeddable":true,"href":"https:\/\/edviz.com\/fr\/wp-json\/wp\/v2\/users\/1"}],"replies":[{"embeddable":true,"href":"https:\/\/edviz.com\/fr\/wp-json\/wp\/v2\/comments?post=141"}],"version-history":[{"count":21,"href":"https:\/\/edviz.com\/fr\/wp-json\/wp\/v2\/pages\/141\/revisions"}],"predecessor-version":[{"id":1363,"href":"https:\/\/edviz.com\/fr\/wp-json\/wp\/v2\/pages\/141\/revisions\/1363"}],"wp:featuredmedia":[{"embeddable":true,"href":"https:\/\/edviz.com\/fr\/wp-json\/wp\/v2\/media\/217"}],"wp:attachment":[{"href":"https:\/\/edviz.com\/fr\/wp-json\/wp\/v2\/media?parent=141"}],"curies":[{"name":"wp","href":"https:\/\/api.w.org\/{rel}","templated":true}]}}