{"id":3,"date":"2019-05-20T09:12:07","date_gmt":"2019-05-20T09:12:07","guid":{"rendered":"http:\/\/edviz.com\/?page_id=3"},"modified":"2023-03-12T18:19:44","modified_gmt":"2023-03-12T18:19:44","slug":"privacy-policy","status":"publish","type":"page","link":"https:\/\/edviz.com\/fr\/privacy-policy\/","title":{"rendered":"Privacy Policy"},"content":{"rendered":"<h1>MENTIONS LEGALES :<\/h1>\n\n\n\n<p>Conform\u00e9ment aux dispositions des articles 6-III et 19 de la Loi n\u00b0 2004-575 du 21 juin 2004 pour la Confiance dans l&#8217;\u00e9conomie num\u00e9rique, dite L.C.E.N., nous portons \u00e0 la connaissance des utilisateurs et visiteurs du site :&nbsp;<a href=\"https:\/\/edviz.com\/fr\/\" target=\"_blank\" rel=\"noreferrer noopener\" aria-label=\" (s\u2019ouvre dans un nouvel onglet)\">www.edviz.com<\/a>&nbsp;les informations suivantes :<\/p>\n\n\n\n<p><strong>1. Informations l\u00e9gales :<\/strong><\/p>\n\n\n\n<p>http:\/\/www.edviz.com et son activit\u00e9 sont un service de eDVIZ SAS, au capital variable minimum de 10 000 \u20ac.<\/p>\n\n\n\n<ul><li>Si\u00e8ge social : 11 rue Philippe Lebon, La Bo\u00eete \u00e0 Business CCI87 &#8211; 87280 Limoges<\/li><li>Num\u00e9ro d\u2019immatriculation  897 477 063  au RCS de Limoges<\/li><li>N\u00b0 de TVA intracommunautaire :  FR 67 879 477 063 <\/li><li>Directeur de publication : Sylvain Duprez<\/li><li>Contact de la publication :  e d v i z @ e d v i z . c o m   ou   +3 3 . 6 1 8 . 0 0 . 6 8 . 8 1<\/li><li>H\u00e9bergeur : 1&amp;1 Internet SARL &#8211; 7 Place de la Gare &#8211; BP 70109 &#8211; 57200 Sarregemines Cedex<\/li><\/ul>\n\n\n\n<p><strong>2. Pr\u00e9sentation et principe :<\/strong><\/p>\n\n\n\n<p>Est d\u00e9sign\u00e9 ci-apr\u00e8s :&nbsp;<strong>Utilisateur<\/strong>, tout internaute se connectant et utilisant le site susnomm\u00e9 : www.edviz.com.<br>Le site&nbsp;<strong>www.edviz.com<\/strong> regroupe un ensemble de services, dans l&#8217;\u00e9tat,&nbsp; mis \u00e0 la disposition des utilisateurs. Il est ici pr\u00e9cis\u00e9 que ces derniers doivent rester courtois et faire preuve de bonne foi tant envers les autres utilisateurs qu&#8217;envers le webmaster du site www.edviz.com. Le site www.edviz.com est mis \u00e0 jour r\u00e9guli\u00e8rement par eDVIZ SAS.<br>eDVIZ SAS s\u2019efforce de fournir sur le site www.edviz.com des informations les plus pr\u00e9cises possibles (sous r\u00e9serve de modifications apport\u00e9es depuis leur mise en ligne), mais ne saurait garantir l&#8217;exactitude, la compl\u00e9tude et l&#8217;actualit\u00e9 des informations diffus\u00e9es sur son site, qu\u2019elles soient de son fait ou du fait des tiers partenaires qui lui fournissent ces informations. En cons\u00e9quence, l&#8217;utilisateur reconna\u00eet utiliser ces informations donn\u00e9es (\u00e0 titre indicatif, non exhaustives et susceptibles d&#8217;\u00e9voluer) sous sa responsabilit\u00e9 exclusive.<\/p>\n\n\n\n<p><strong>3. Accessibilit\u00e9 :<\/strong><br><br>Le site www.edviz.com est par principe accessible aux utilisateurs 24\/24h, 7\/7j, sauf interruption, programm\u00e9e ou non, pour les besoins de sa maintenance ou en cas de force majeure. En cas d\u2019impossibilit\u00e9 d\u2019acc\u00e8s au service, www. edviz .com s\u2019engage \u00e0 faire son maximum afin de r\u00e9tablir l\u2019acc\u00e8s au service et s\u2019efforcera alors de communiquer pr\u00e9alablement aux utilisateurs les dates et heures de l\u2019intervention.&nbsp; N\u2019\u00e9tant soumis qu\u2019\u00e0 une obligation de moyen, www. edviz .com ne saurait \u00eatre tenu pour responsable de tout dommage, quelle qu\u2019en soit la nature, r\u00e9sultant d\u2019une indisponibilit\u00e9 du service.<\/p>\n\n\n\n<p><br><strong>4. Acceptation des termes et conditions :<\/strong><br><br>L\u2019utilisation du site www.edviz.com implique l\u2019acceptation pleine et enti\u00e8re des conditions g\u00e9n\u00e9rales d\u2019utilisation&nbsp; d\u00e9crites ci-dessus. Celles-ci sont consultables par l&#8217;interm\u00e9diaire d&#8217;un lien hypertexte plac\u00e9 sur toutes les pages du site www. edviz.com. Il est ici rappel\u00e9 que les d\u00e9veloppeurs du site www.edviz.com gardent trace de l&#8217;adresse mail, et de l&#8217;adresse IP de tout utilisateur. En cons\u00e9quence, il doit \u00eatre conscient qu&#8217;en cas d&#8217;injonction de l\u2019autorit\u00e9 judiciaire il peut \u00eatre retrouv\u00e9 et poursuivi.<\/p>\n\n\n\n<p><strong>5. Modification des conditions :<\/strong><\/p>\n\n\n\n<p>eDVIZ SAS se r\u00e9serve le droit, \u00e0 tout moment, de modifier, compl\u00e9ter, enlever ou ajouter, ce sans pr\u00e9avis, tout ou partie des pr\u00e9sentes conditions d&#8217;utilisation du site&nbsp;www.edviz.com, aussi les utilisateurs du site www.edviz.com sont&nbsp;invit\u00e9s \u00e0 les consulter de mani\u00e8re r\u00e9guli\u00e8re, car elles s&#8217;imposent \u00e0 eux sans aucune r\u00e9serve. L\u2019utilisateur est r\u00e9put\u00e9 les accepter sans r\u00e9serve et s\u2019y r\u00e9f\u00e9rer r\u00e9guli\u00e8rement pour prendre connaissance des modifications. Le site  www.edviz.com  se r\u00e9serve aussi le droit de c\u00e9der, transf\u00e9rer, ce sans pr\u00e9avis, les droits et\/ou obligations des pr\u00e9sentes CGU et mentions l\u00e9gales. En continuant \u00e0 utiliser les Services du site  www.edviz.com  , l\u2019utilisateur reconna\u00eet accepter les modifications des conditions g\u00e9n\u00e9rales d&#8217;utilisation qui seraient intervenues.<\/p>\n\n\n\n<p>&nbsp;<br><strong>6. Limitation de responsabilit\u00e9 :<\/strong><br><br>Le site www.edviz.com  ne saurait \u00eatre tenu responsable des erreurs typographiques ou inexactitudes apparaissant sur le service, ou de quelques dommages subis r\u00e9sultant de son utilisation. L\u2019utilisateur reste responsable de son \u00e9quipement et de son utilisation, de m\u00eame il supporte seul les co\u00fbts directs ou indirects suite \u00e0 sa connexion \u00e0 Internet.<br>Le site www.edviz.com utilise un template wordpress. Pour acc\u00e9der \u00e0 l&#8217;ensemble du site  www.edviz.com, l\u2019utilisateur s\u2019engage \u00e0 utiliser un mat\u00e9riel r\u00e9cent, ne contenant pas de virus et avec les mises \u00e0 jour faites de son navigateur.&nbsp; L\u2019utilisateur d\u00e9gage la responsabilit\u00e9 de  www.edviz.com  pour tout pr\u00e9judice qu\u2019il pourrait subir ou faire subir, directement ou indirectement, du fait de l&#8217;utilisation des services propos\u00e9s. Seule la responsabilit\u00e9 de l\u2019utilisateur est engag\u00e9e par l\u2019utilisation du service propos\u00e9 et celui-ci d\u00e9gage express\u00e9ment le site  www.edviz.com de toute responsabilit\u00e9 vis \u00e0 vis de tiers.<br>Tout contenu (texte, photos, dessins,&#8230;) \u00e9mis par l&#8217;interm\u00e9diaire de l&#8217;espace contact ou tout autre espace interactif mis \u00e0 la la disposition des utilisateurs et&nbsp;non conforme aux dispositions l\u00e9gales et r\u00e9glementaires en vigueur et applicable en France, notamment atteintes aux droits de la personnalit\u00e9 de tiers( diffamation, injures, atteinte \u00e0 la vie priv\u00e9e,&#8230;), acte de concurrence d\u00e9loyale, atteinte \u00e0 l&#8217;ordre public et aux bonnes m\u0153urs ( incitation \u00e0 la haine raciale, n\u00e9gationnisme, r\u00e9visionnisme, pornographique,&#8230;) sera, sans mise en demeure pr\u00e9alable, supprim\u00e9 sur le champ. Dans une telle situation, eDVIZ SAS propri\u00e9taire du site  www.edviz.com se r\u00e9serve la possibilit\u00e9 de mettre en cause la responsabilit\u00e9 civile et\/ou p\u00e9nale de l\u2019utilisateur incrimin\u00e9.<\/p>\n\n\n\n<p><strong>7. Propri\u00e9t\u00e9 intellectuelle :<\/strong><br><br>eDVIZ SAS est propri\u00e9taire exclusif de tous les droits de propri\u00e9t\u00e9 intellectuelle ou d\u00e9tient les droits d\u2019usage sur tous les \u00e9l\u00e9ments accessibles sur le site, tant sur la structure que sur les textes, images, graphismes, logo, ic\u00f4nes, sons, logiciels\u2026<br>Toute reproduction totale ou partielle du site www.edviz.com, repr\u00e9sentation, modification, publication, adaptation totale ou partielle de l&#8217;un quelconque de ces \u00e9l\u00e9ments, quel que soit le moyen ou le proc\u00e9d\u00e9 utilis\u00e9, est interdite, sauf autorisation \u00e9crite pr\u00e9alable de eDVIZ SAS, propri\u00e9taire du site \u00e0 l&#8217;email :&nbsp;edviz@edviz. com, \u00e0 d\u00e9faut elle sera consid\u00e9r\u00e9e comme constitutive d\u2019une contrefa\u00e7on et passible de poursuite conform\u00e9ment aux dispositions des articles L.335-2 et suivants du Code de Propri\u00e9t\u00e9 Intellectuelle.<\/p>\n\n\n\n<p><br><strong>8. Liens hypertextes et cookies :<\/strong><br><br>Le site  www.edviz.com contient un certain nombre de liens hypertextes vers d\u2019autres sites (partenaires, informations \u2026) mis en place avec l\u2019autorisation de eDVIZ SAS. Cependant, eDVIZ SAS n\u2019a pas la possibilit\u00e9 de v\u00e9rifier l&#8217;ensemble du contenu des sites ainsi visit\u00e9s&nbsp;et d\u00e9cline donc toute responsabilit\u00e9 de ce fait quand aux risques \u00e9ventuels de contenus illicites.<br>L\u2019utilisateur est inform\u00e9 que lors de ses visites sur le site  www.edviz.com, un ou des cookies sont susceptibles de s\u2019installer automatiquement sur son ordinateur par l&#8217;interm\u00e9diaire de son logiciel de navigation. Un cookie est un bloc de donn\u00e9es qui ne permet pas d&#8217;identifier l&#8217;utilisateur, mais qui enregistre des informations relatives \u00e0 la navigation de celui-ci sur le site.&nbsp;<br>Le param\u00e9trage du logiciel de navigation permet d\u2019informer de la pr\u00e9sence de cookie et \u00e9ventuellement, de la refuser de la mani\u00e8re d\u00e9crite \u00e0 l\u2019adresse suivante :&nbsp;<a href=\"http:\/\/www.cnil.fr\/\">www.cnil.fr<\/a>. L\u2019utilisateur peut toutefois configurer le navigateur de son ordinateur pour refuser l\u2019installation des cookies, sachant que le refus d&#8217;installation d&#8217;un cookie peut entra\u00eener l\u2019impossibilit\u00e9 d\u2019acc\u00e9der \u00e0 certains services. Pour tout bloquage des cookies, tapez dans votre moteur de recherche : bloquage des cookies sous IE ou firefox et suivez les instructions en fonction de votre version.<br><br><br><strong>9. Protection des biens et des personnes &#8211; gestion des donn\u00e9es personnelles :<\/strong><br><br>eDVIZ SAS respecte la d\u00e9marche de conformit\u00e9 avec le R\u00e8glement G\u00e9n\u00e9ral sur la Protection des Donn\u00e9es. Avec ce nouveau r\u00e8glement applicable au 12 mars 2023, eDVIZ SAS renforce sa politique de protection de donn\u00e9es personnelles afin que les donn\u00e9es de nos utilisateurs soient collect\u00e9es et utilis\u00e9es de mani\u00e8re transparente, confidentielle et s\u00e9curis\u00e9e.<\/p>\n\n\n\n<p>POLITIQUE DE PROTECTION DES DONN\u00c9ES PERSONNELLES \u00c0 PARTIR DU 12 MARS 2023<strong><\/strong><\/p>\n\n\n\n<p>Notre Politique de protection des donn\u00e9es personnelles d\u00e9crit la mani\u00e8re dont eDVIZ SAS traite les donn\u00e9es \u00e0 caract\u00e8re personnel des visiteurs et des utilisateurs (ci- apr\u00e8s les \u00ab Utilisateurs \u00bb) lors de leur navigation sur notre site&nbsp; <a href=\"https:\/\/edviz.com\/fr\/\">https:\/\/edviz.com<\/a> (ci-apr\u00e8s le \u00ab Site \u00bb).<\/p>\n\n\n\n<p>eDVIZ SAS accorde en permanence une attention aux donn\u00e9es de nos Utilisateurs. Sans indication de votre part apr\u00e8s la publication ou l\u2019envoi d\u2019un avis concernant les modifications apport\u00e9es \u00e0 la Politique de protection des donn\u00e9es personnelles, cela signifie que vous acceptez les mises \u00e0 jour.<\/p>\n\n\n\n<p>QUELLES DONN\u00c9ES PERSONNELLES SONT COLLECT\u00c9ES ET POUR QUELLES FINALIT\u00c9S ?<strong><\/strong><\/p>\n\n\n\n<p>Lorsque vous utilisez notre site, nous collectons vos donn\u00e9es personnelles que vous nous transmettez \u00e0 travers notre formulaire de contact.<\/p>\n\n\n\n<p>Les donn\u00e9es personnelles r\u00e9cup\u00e9r\u00e9es sont : nom, email, adresse, t\u00e9l\u00e9phone et \u00e9ventuellement fonction professionnelle. Ces donn\u00e9es ne sont pas revendues \u00e0 des tiers.<\/p>\n\n\n\n<p>Nous utilisons votre adresse email pour l\u2019envoi d\u2019informations ou d\u2019offres li\u00e9es aux activit\u00e9s d\u2019eDVIZ SAS.<\/p>\n\n\n\n<p>Lorsque vous nous transmettez vos coordonn\u00e9es t\u00e9l\u00e9phoniques, nous pouvons \u00eatre amen\u00e9s \u00e0 vous informer par sms et\/ou vous contacter par t\u00e9l\u00e9phone pour l\u2019envoi d\u2019informations, d\u2019offres ou encore pour prise de contact professionnel.<\/p>\n\n\n\n<p>Par ailleurs, nous collectons, \u00e0 des fins statistiques, des donn\u00e9es g\u00e9n\u00e9rales depuis Google Analytics mais ces donn\u00e9es ne nous indiquent en aucun cas vos donn\u00e9es personnelles, adresses mail, nom, t\u00e9l\u00e9phone ou autre donn\u00e9es sensibles.<\/p>\n\n\n\n<p>VOS DONN\u00c9ES SONT-ELLES PARTAG\u00c9ES AVEC DES TIERS ?<strong><\/strong><\/p>\n\n\n\n<p>Les donn\u00e9es personnelles vous concernant collect\u00e9es sur notre site sont destin\u00e9es au seul usage de campagnes commerciales ou d\u2019informations de la part de eDVIZ SAS ; emails et\/ou sms. Elles ne sont en aucun cas transmises \u00e0 des tiers, sauf \u00e0 demander votre consentement pr\u00e9alable.<\/p>\n\n\n\n<p>Si eDVIZ SAS ou tout ou partie de ses actifs sont rachet\u00e9s par un tiers, les donn\u00e9es en notre possession seront, le cas \u00e9ch\u00e9ant, transf\u00e9r\u00e9es au nouveau propri\u00e9taire.<\/p>\n\n\n\n<p>COMMENT SONT PROT\u00c9G\u00c9ES VOS DONN\u00c9ES PERSONNELLES ?<strong><\/strong><\/p>\n\n\n\n<p>eDVIZ SAS applique les mesures de s\u00e9curit\u00e9 technologiques et organisationnelles g\u00e9n\u00e9ralement reconnues afin que les donn\u00e9es \u00e0 caract\u00e8re personnel recueillies ne soient, ni perdues, ni d\u00e9tourn\u00e9es, ni consult\u00e9es, ni modifi\u00e9es ni divulgu\u00e9es par des tiers non autoris\u00e9s sauf si la communication de ces donn\u00e9es est impos\u00e9e par la r\u00e9glementation en vigueur, notamment \u00e0 la requ\u00eate d\u2019une autorit\u00e9 judiciaire, de police, de gendarmerie ou de toute autre autorit\u00e9 habilit\u00e9e par la loi.<\/p>\n\n\n\n<p>QUELLE EST LA DUR\u00c9E DE CONSERVATION DES DONN\u00c9ES PERSONNELLES ?<strong><\/strong><\/p>\n\n\n\n<p>Les donn\u00e9es \u00e0 caract\u00e8re personnel communiqu\u00e9es par les visiteurs\/utilisateurs du site eDVIZ.com seront supprim\u00e9es \u00e0 l\u2019issue d\u2019une p\u00e9riode de 5 ans sauf restriction expresse de la part de l\u2019utilisateur ou prolongement\/renouvellement de la dur\u00e9e de conservation par simple accord suite \u00e0 sollicitation de eDVIZ SAS \u00e0 l\u2019envoi d\u2019un mail ou d\u2019un sms.<\/p>\n\n\n\n<p>\u00caTES-VOUS MINEUR ?<strong><\/strong><\/p>\n\n\n\n<p>Notre site n\u2019ayant aucune vocation \u00e0 porter atteinte au public mineur, nous ne mettons aucune restriction \u00e0 cet effet.<\/p>\n\n\n\n<p>Les tuteurs l\u00e9gaux ou public mineur peuvent exercer le m\u00eame droit d\u2019acc\u00e8s, de v\u00e9rification, de modification ou de suppression de leurs donn\u00e9es.<\/p>\n\n\n\n<p>QUE SE PASSE-T-IL EN CAS D\u2019UTILISATION DES DONN\u00c9ES EN RELATION AVEC LES R\u00c9SEAUX SOCIAUX ?<strong><\/strong><\/p>\n\n\n\n<p>Lorsque vous utilisez des r\u00e9seaux sociaux et des services ou applications de eDVIZ SAS en relation avec des r\u00e9seaux sociaux, cela est susceptible d\u2019entra\u00eener une collecte et un \u00e9change de certaines donn\u00e9es entre les r\u00e9seaux sociaux et eDVIZ SAS.<\/p>\n\n\n\n<p>Nous ne sommes pas responsables de l\u2019utilisation qui est faite de vos donn\u00e9es par les r\u00e9seaux sociaux pour leur propre compte. Vous avez la possibilit\u00e9 de param\u00e9trer et contr\u00f4ler directement sur les r\u00e9seaux sociaux l\u2019acc\u00e8s et la confidentialit\u00e9 de vos donn\u00e9es.<\/p>\n\n\n\n<p>QUELS SONT VOS DROITS ?<strong><\/strong><\/p>\n\n\n\n<p>Conform\u00e9ment \u00e0 la r\u00e9glementation en vigueur les Utilisateurs de notre site disposent des droits suivants :<\/p>\n\n\n\n<ul><li>droit d\u2019acc\u00e8s et de rectification ;<\/li><li>de mise \u00e0 jour , de compl\u00e9tude des donn\u00e9es Utilisateurs ;<\/li><li>droit de verrouillage ou de suppression des donn\u00e9es des Utilisateurs \u00e0 caract\u00e8re personnel, lorsqu\u2019elles sont inexactes, incompl\u00e8tes, \u00e9quivoques, p\u00e9rim\u00e9es, ou dont la collecte, l\u2019utilisation, la communication ou la conservation est interdite ;<\/li><li>droit de retirer \u00e0 tout moment un consentement ;<\/li><li>droit \u00e0 la limitation du traitement des donn\u00e9es des Utilisateurs ;<\/li><li>droit d\u2019opposition aux traitement des donn\u00e9es personnelles ;<\/li><li>droit \u00e0 la portabilit\u00e9 des donn\u00e9es que les Utilisateurs auront fournies, lorsque ces donn\u00e9es font l\u2019objet de traitements automatis\u00e9s fond\u00e9s sur leur consentement ou un contrat.<\/li><\/ul>\n\n\n\n<p>Si vous souhaitez savoir comment eDVIZ SAS utilise ces donn\u00e9es personnelles, demander \u00e0 les rectifier ou s\u2019opposer \u00e0 un traitement vous pouvez envoyer un email via notre formulaire de contact ou adresser un courrier \u00e0 l\u2019adresse suivante eDVIZ SAS \u2013&nbsp;11 rue Philippe Lebon \u2013 87280 Limoges. Enfin les Utilisateurs peuvent d\u00e9poser une r\u00e9clamation aupr\u00e8s des autorit\u00e9s de contr\u00f4le si leur demande n\u2019est pas respect\u00e9e, et notamment aupr\u00e8s de la CNIL.<\/p>\n\n\n\n<p>Vos requ\u00eates seront trait\u00e9es sous 30 jours. Nous vous demanderons d\u2019effectuer votre demande en r\u00e9f\u00e9rence ou depuis l\u2019adresse mail ou le num\u00e9ro de t\u00e9l\u00e9phone concern\u00e9 par l\u2019application de cette d\u00e9marche afin d\u2019\u00e9viter toute erreur d\u2019identification des donn\u00e9es concern\u00e9es.<\/p>\n\n\n\n<p>COMMENT NOUS CONTACTER \u2013 COORDONN\u00c9ES D\u00c9L\u00c9GU\u00c9 PROTECTION DONN\u00c9ES<strong><\/strong><\/p>\n\n\n\n<p>Si vous avez des questions ou des r\u00e9clamations ou si vous souhaitez faire part \u00e0 eDVIZ SAS de recommandations ou des commentaires visant \u00e0 am\u00e9liorer notre Politique de protection des donn\u00e9es personnelles vous pouvez envoyer un email via notre formulaire de contact ou adresser un courrier \u00e0 l\u2019adresse suivante : eDVIZ SAS \u2013&nbsp;11 rue Philippe Lebon \u2013 87280 Limoges<\/p>\n\n\n\n<p><strong>10. Loi applicable et juridiction comp\u00e9tente :<\/strong><br><br>Les pr\u00e9sentes Conditions G\u00e9n\u00e9rales d&#8217;Utilisation et la relation de l&#8217;utilisateur avec le site  www.edviz.com en vertu de ces Conditions G\u00e9n\u00e9rales d&#8217;Utilisation sont r\u00e9gies par le droit Fran\u00e7ais. L\u2019utilisateur ainsi que  www.edviz.com acceptent de se soumettre \u00e0 la comp\u00e9tence exclusive des tribunaux Fran\u00e7ais en cas de litige r\u00e9sultant de ces conditions g\u00e9n\u00e9rales d&#8217;utilisation.<\/p>","protected":false},"excerpt":{"rendered":"<p>MENTIONS LEGALES : Conform\u00e9ment aux dispositions des articles 6-III et 19 de la Loi n\u00b0 2004-575 du 21 juin 2004 pour la Confiance dans l&#8217;\u00e9conomie num\u00e9rique, dite L.C.E.N., nous portons \u00e0 la connaissance des utilisateurs et visiteurs du site :&nbsp;www.edviz.com&nbsp;les informations suivantes : 1. Informations l\u00e9gales : http:\/\/www.edviz.com et son activit\u00e9 sont un service de [&hellip;]<\/p>\n<a class=\"readmore-button\" href=\"https:\/\/edviz.com\/fr\/privacy-policy\/\">Read More<\/a>","protected":false},"author":1,"featured_media":0,"parent":0,"menu_order":0,"comment_status":"closed","ping_status":"closed","template":"page-fullwidth.php","meta":{"ngg_post_thumbnail":0},"_links":{"self":[{"href":"https:\/\/edviz.com\/fr\/wp-json\/wp\/v2\/pages\/3"}],"collection":[{"href":"https:\/\/edviz.com\/fr\/wp-json\/wp\/v2\/pages"}],"about":[{"href":"https:\/\/edviz.com\/fr\/wp-json\/wp\/v2\/types\/page"}],"author":[{"embeddable":true,"href":"https:\/\/edviz.com\/fr\/wp-json\/wp\/v2\/users\/1"}],"replies":[{"embeddable":true,"href":"https:\/\/edviz.com\/fr\/wp-json\/wp\/v2\/comments?post=3"}],"version-history":[{"count":15,"href":"https:\/\/edviz.com\/fr\/wp-json\/wp\/v2\/pages\/3\/revisions"}],"predecessor-version":[{"id":1548,"href":"https:\/\/edviz.com\/fr\/wp-json\/wp\/v2\/pages\/3\/revisions\/1548"}],"wp:attachment":[{"href":"https:\/\/edviz.com\/fr\/wp-json\/wp\/v2\/media?parent=3"}],"curies":[{"name":"wp","href":"https:\/\/api.w.org\/{rel}","templated":true}]}}